{"id":5,"date":"2018-01-17T10:13:49","date_gmt":"2018-01-17T10:13:49","guid":{"rendered":"http:\/\/acoseaimpianti.it\/?page_id=5"},"modified":"2022-07-27T08:07:29","modified_gmt":"2022-07-27T08:07:29","slug":"home","status":"publish","type":"page","link":"https:\/\/acoseaimpianti.it\/","title":{"rendered":"Home"},"content":{"rendered":"<p>[vc_row][vc_column][vc_column_text]<\/p>\n<h2>Acosea Impianti srl<\/h2>\n<h5>L&#8217;azienda<\/h5>\n<p>La societ\u00e0 Acosea Impianti Srl \u00e8 stata costituita con atto notarile del 14.12.04 di scissione del ramo gestionale di Acosea Spa trasferito ad Hera Spa.<br \/>\nCon tale scissione sono state attribuite ad Acosea Impianti immobilizzazioni rappresentanti gli assets del ciclo Idrico integrato (ramo reti) precedentemente presenti in Acosea Reti.<br \/>\nIl suo statuto prevede che ai sensi di quanto disposto dall&#8217;art.113 comma 13 del D.Lgs.267\/2000, la societ\u00e0 debba essere a totale capitale pubblico locale.<br \/>\nAlla societ\u00e0 sono stati trasferiti gli assets del servizio idrico integrato, oltre che del Comune di Ferrara, il cui pacchetto azionario \u00e8 attualmente gestito da Holding Ferrara Servizi SPA Unipersonale, anche da altri 11 Comuni presenti nella disciolta Acosea Spa.<br \/>\nLa societ\u00e0 quindi \u00e8 esclusivamente una societ\u00e0 patrimoniale, dal momento che la gestione del servizio idrico integrato \u00e8 svolta da Hera Spa in virt\u00f9 del contratto d&#8217;affitto, oltre che della convenzione stipulata con l&#8217;Agenzia d&#8217;Ambito per i Servizi Pubblici di Ferrara ATO 6.<\/p>\n<h5>Profilo della Societ\u00e0<\/h5>\n<p>L&#8217;attuale ACOSEA deriva dal &#8220;Consorzio di Costruzione&#8221; costituitosi nel 1954 fra i comuni di Ferrara, Argenta e Portomaggiore, con lo scopo di reperire le risorse finanziarie per avviare il potenziamento della centrale di produzione idrica di Pontelagoscuro e realizzare le reti distributrici verso i comuni soci fino ad allora sprovvisti del servizio.<br \/>\nNel 1976 fu avviata la costituzione di un nuovo organismo aperto alla partecipazione di altri Comuni uniti dagli stessi interessi.<br \/>\nNel maggio 1976 nacque cos\u00ec il &#8220;Consorzio Intercomunale per il potenziamento dell&#8217;acquedotto di Ferrara e comuni limitrofi&#8221; di cui facevano parte oltre a Ferrara i comuni di Argenta, Masi Torello, Mirabello, Poggio Renatico, Portomaggiore, Sant&#8217;Agostino, Vigarano Mainarda e Voghiera.<br \/>\nDi fatto questo Ente si affianc\u00f2 all&#8217;A.M.G.A. (la municipalizzata del comune di Ferrara cui era affidato il servizio acquedottistico) interessandosi dell&#8217;ampliamento e potenziamento delle linee della grande adduzione verso i comuni consorziati e successivamente anche del potenziamento degli impianti di produzione della centrale di Pontelagoscuro.<br \/>\nNegli anni successivi al Consorzio Intercomunale aderirono anche i comuni di Alfonsine, Bondeno e Cento portando a 12 il numero dei comuni soci.<\/p>\n<p>Il comune di Ferrara, proprietario degli impianti di produzione dell&#8217;acqua potabile, ne deliber\u00f2 l&#8217;affidamento al Consorzio Intercomunale a far tempo dal 1\u00b0 settembre del 1983 ed \u00e8 da quella data che i finanziamenti per gli interventi di potenziamento della centrale diventano consistenti tanto da elevare la potenzialit\u00e0 produttiva da 750 l\/sec fino a 1500 l\/sec nel volgere di una decina di anni.<\/p>\n<p>\u00c8 nel 1991 che i comuni maturano la volont\u00e0 di costituire A.CO.SE.A. (Azienda Consortile Servizi Acque) conferendo a questa anche la gestione delle fognature e degli impianti di depurazione dei rispettivi territori di competenza.<br \/>\nNel gennaio 1992 l&#8217;Azienda torna a cambiare veste giuridico-amministrativa trasformandosi in Consorzio ACOSEA.<br \/>\nNel 2001 il Consorzio diventa ACOSEA S.p.A..<\/p>\n<p>Nel 2003, con atto notarile, viene costituita una societ\u00e0 con unico socio denominata (Acosea Reti Srl) in conformit\u00e0 all&#8217;art.35 della Legge 448\/2001 e il contestuale conferimento alla stessa del ramo d&#8217;azienda relativo alle reti, agli impianti e dotazioni relative al servizio idrico integrato.<br \/>\nCon atto del 2005 Acosea Impianti Srl incorpora Acosea Reti Srl.<br \/>\nLa societ\u00e0 \u00e8 soggetto incaricato alla &#8220;gestione amministrativa e finanziaria del servizio idrico integrato&#8221; del patrimonio dei comuni soci, del Demanio e della stessa Acosea Impianti rappresentando la titolarit\u00e0 congiunta della totalit\u00e0 del capitale strumentale al servizio idrico integrato sito nei 12 comuni soci[\/vc_column_text][\/vc_column][\/vc_row]<\/p>\n","protected":false},"excerpt":{"rendered":"<p>[vc_row][vc_column][vc_column_text] Acosea Impianti srl L&#8217;azienda La societ\u00e0 Acosea Impianti Srl \u00e8 stata costituita con atto notarile del 14.12.04 di scissione del ramo gestionale di Acosea Spa trasferito ad Hera Spa. Con tale scissione sono state attribuite ad Acosea Impianti immobilizzazioni rappresentanti gli assets del ciclo Idrico integrato (ramo reti) precedentemente presenti in Acosea Reti. Il [&hellip;]<\/p>\n","protected":false},"author":4,"featured_media":0,"parent":0,"menu_order":0,"comment_status":"closed","ping_status":"closed","template":"","meta":{"footnotes":""},"class_list":["post-5","page","type-page","status-publish","hentry"],"_links":{"self":[{"href":"https:\/\/acoseaimpianti.it\/index.php?rest_route=\/wp\/v2\/pages\/5","targetHints":{"allow":["GET"]}}],"collection":[{"href":"https:\/\/acoseaimpianti.it\/index.php?rest_route=\/wp\/v2\/pages"}],"about":[{"href":"https:\/\/acoseaimpianti.it\/index.php?rest_route=\/wp\/v2\/types\/page"}],"author":[{"embeddable":true,"href":"https:\/\/acoseaimpianti.it\/index.php?rest_route=\/wp\/v2\/users\/4"}],"replies":[{"embeddable":true,"href":"https:\/\/acoseaimpianti.it\/index.php?rest_route=%2Fwp%2Fv2%2Fcomments&post=5"}],"version-history":[{"count":5,"href":"https:\/\/acoseaimpianti.it\/index.php?rest_route=\/wp\/v2\/pages\/5\/revisions"}],"predecessor-version":[{"id":1260,"href":"https:\/\/acoseaimpianti.it\/index.php?rest_route=\/wp\/v2\/pages\/5\/revisions\/1260"}],"wp:attachment":[{"href":"https:\/\/acoseaimpianti.it\/index.php?rest_route=%2Fwp%2Fv2%2Fmedia&parent=5"}],"curies":[{"name":"wp","href":"https:\/\/api.w.org\/{rel}","templated":true}]}}